{"id":64,"date":"2019-09-30T14:48:13","date_gmt":"2019-09-30T21:48:13","guid":{"rendered":"https:\/\/www.westernuhealth.com\/wecaredental\/?page_id=64"},"modified":"2023-05-26T13:33:13","modified_gmt":"2023-05-26T20:33:13","slug":"services","status":"publish","type":"page","link":"https:\/\/www.westernuhealth.com\/wecaredental\/services\/","title":{"rendered":"Services"},"content":{"rendered":"<div class=\"wpb-content-wrapper\"><p>[vc_row][vc_column][\/vc_column][\/vc_row][vc_section][vc_row][vc_column width=&#8221;3\/4&#8243;]<div class=\"dt-fancy-separator title-left h3-size title-color accent-border-color\" style=\"width: 100%;\"><div class=\"dt-fancy-title\"><span class=\"separator-holder separator-left\"><\/span>Services<span class=\"separator-holder separator-right\"><\/span><\/div><\/div>[vc_empty_space height=&#8221;40px&#8221;][vc_column_text]Our Comprehensive Dentistry Services Include:[\/vc_column_text][vc_empty_space height=&#8221;30px&#8221;][vc_row_inner][vc_column_inner width=&#8221;1\/2&#8243;]<div class=\"standard-arrow bullet-top\"><ul>\n<li>Dental Exams<\/li>\n<li>Dental Imaging<\/li>\n<li>Cleaning<\/li>\n<li>Oral Cancer Screenings<\/li>\n<li>Periodontal Care<\/li>\n<li>Fluoride Treatments<\/li>\n<li>Dental Sealants<\/li>\n<li>Fillings<\/li>\n<\/ul>\n<\/div>[\/vc_column_inner][vc_column_inner width=&#8221;1\/2&#8243;]<div class=\"standard-arrow bullet-top\"><ul>\n<li>Crowns<\/li>\n<li>Root Canals<\/li>\n<li>Bridgework<\/li>\n<li>Dentures<\/li>\n<li>Pediatric Dentistry<\/li>\n<li>Extractions and Oral Surgery<\/li>\n<li>Dental Services for Patients with Special needs<\/li>\n<li>And much more!<\/li>\n<\/ul>\n<\/div>[\/vc_column_inner][\/vc_row_inner][vc_empty_space height=&#8221;100px&#8221;]<div class=\"dt-fancy-separator title-left h3-size title-color accent-border-color\" style=\"width: 100%;\"><div class=\"dt-fancy-title\"><span class=\"separator-holder separator-left\"><\/span>Dental Residency Program<span class=\"separator-holder separator-right\"><\/span><\/div><\/div>[vc_empty_space height=&#8221;40px&#8221;][vc_column_text]<strong><a href=\"http:\/\/www.lmcdental.org\/apply\" target=\"_blank\" rel=\"noopener noreferrer\">NYU LANGONE DENTAL MEDICINE<\/a><br \/>\nAEGD RESIDENCY PROGRAM<\/strong><\/p>\n<p><strong>Program Overview<\/strong><\/p>\n<p>The\u00a0<a href=\"http:\/\/www.lmcdental.org\/programs\/ca\/we-care-dental\/aegd\" target=\"_blank\" rel=\"noopener noreferrer\">Advanced Education In General Dentistry (AEGD)<\/a>\u00a0program located in Rancho Mirage is a one-year postdoctoral certificate program in general dentistry. This residency program is specifically designed to provide advanced training in clinical dentistry and refine the skills necessary for the general dentist to provide comprehensive patient care for all population groups. The program includes didactic and clinical components. The didactic experience is designed to enrich pre-doctoral training in diagnostic and clinical sciences. The focus of the clinical curriculum provides in-house comprehensive care to a wide range of patients including special needs\/medically compromised presenting with complex dental needs.<\/p>\n<p>We Care Dental has served the Coachella Valley and Riverside population since 2009. In 2015, the AEGD program was established by a joint effort between Western University of Health Sciences College of Dental Medicine and NYU Langone Medical Center. The program includes 2 residents and a general dentist faculty member in attendance during each clinic period to assist the resident with patient management and clinical problems as comprehensive care is administered. Predoctoral students from WesternU College of Dental Medicine rotate to the clinic and participate in a team based approach to patient care with residents and faculty. Residents learn and participate in the practice management aspects of the clinical operation.<\/p>\n<p>At the state-of-the art facility residents have many opportunities to enhance their clinical skills and knowledge in various dental disciplines such as prosthodontics, periodontal and oral surgery, esthetic dentistry, implant dentistry, orthodontics, and endodontics. If you have question about the AEGD program, please contact the individuals listed above.<\/p>\n<p><strong>This program is accredited by the Commission on Dental Accreditation of the American Dental Association.<\/strong>[\/vc_column_text][vc_empty_space height=&#8221;100px&#8221;][\/vc_column][vc_column width=&#8221;1\/4&#8243; el_class=&#8221;sidebar-content&#8221;][vc_raw_html css=&#8221;.vc_custom_1685133192162{padding-top: 20px !important;padding-right: 20px !important;padding-bottom: 20px !important;padding-left: 20px !important;background-color: #f7f7f7 !important;}&#8221;]JTNDZGl2JTIwY2xhc3MlM0QlMjJ3aWRnZXQlMjIlM0UlMEElM0NkaXYlMjBjbGFzcyUzRCUyMndpZGdldC10aXRsZSUyMiUzRUxvY2F0aW9uJTNDJTJGZGl2JTNFJTBBJTNDcCUyMGNsYXNzJTNEJTIybWVudSUyMiUzRSUzQ2klMjBjbGFzcyUzRCUyMmljb21vb24tdGhlNy1mb250LXRoZTctbWFwLTAyJTIwd3VoLWNvbG9yLXByaW1hcnklMjIlM0UlM0MlMkZpJTNFJTIwJTNDYSUyMGhyZWYlM0QlMjJodHRwcyUzQSUyRiUyRmdvby5nbCUyRm1hcHMlMkZtNlV3VDVzalVNbyUyMiUyMHRhcmdldCUzRCUyMl9ibGFuayUyMiUyMHJlbCUzRCUyMm5vb3BlbmVyJTIwbm9yZWZlcnJlciUyMiUzRTcxOTQ5JTIwSGlnaHdheSUyMDExMSUzQ2JyJTNFJTBBU3VpdGUlMjAxMDBCJTNDYnIlM0UlMEFSYW5jaG8lMjBNaXJhZ2UlMkMlMjBDQSUyMDkyMjcwJTNDJTJGYSUzRSUzQyUyRnAlM0UlMEElM0NwJTIwY2xhc3MlM0QlMjJ3b3Jkcy1kb3RzLWJldHdlZW4lMjIlM0UlM0NzcGFuJTNFTW9uJTIwJUUyJTgwJTkzJTIwVGhyJTNDJTJGc3BhbiUzRSUzQ3NwYW4lMjBjbGFzcyUzRCUyMmRvdHMlMjIlM0UuLi4uLi4lM0MlMkZzcGFuJTNFJTNDc3BhbiUzRTglM0EzMCUyMGFtJTIwJUUyJTgwJTkzJTIwNCUzQTMwJTIwcG0lM0MlMkZzcGFuJTNFJTNDJTJGcCUzRSUwQSUzQ3AlMjBjbGFzcyUzRCUyMndvcmRzLWRvdHMtYmV0d2VlbiUyMiUzRSUzQ3NwYW4lM0VGcmklM0MlMkZzcGFuJTNFJTNDc3BhbiUyMGNsYXNzJTNEJTIyZG90cyUyMiUzRS4uLi4uLi4uLi4uLi4uLi4uLi4uLi4uLi4uLi4uLiUzQyUyRnNwYW4lM0UlM0NzcGFuJTNFOCUyMGFtJTIwJUUyJTgwJTkzJTIwMiUyMHBtJTNDJTJGc3BhbiUzRSUzQyUyRnAlM0UlMEElM0NwJTIwY2xhc3MlM0QlMjJ3b3Jkcy1kb3RzLWJldHdlZW4lMjIlM0UlM0NzcGFuJTNFU2F0JTIwJUUyJTgwJTkzJTIwU3VuJTNDJTJGc3BhbiUzRSUzQ3NwYW4lMjBjbGFzcyUzRCUyMmRvdHMlMjIlM0UuLi4uLi4uLi4uLi4uLi4uLi4lM0MlMkZzcGFuJTNFJTNDc3BhbiUzRUNsb3NlZCUzQyUyRnNwYW4lM0UlM0MlMkZwJTNFJTBBJTNDcCUyMGNsYXNzJTNEJTIybWVudSUyMiUzRSUzQ2klMjBjbGFzcyUzRCUyMmljb21vb24tdGhlNy1mb250LXRoZTctcGhvbmUtMDUlMjB3dWgtY29sb3ItcHJpbWFyeSUyMiUzRSUzQyUyRmklM0UlM0NhJTIwaHJlZiUzRCUyMnRlbCUzQSUyQjE3NjAtNTY1LTYwNTUlMjIlM0UlMjA3NjAtNTY1LTYwNTUlM0MlMkZhJTNFJTNDJTJGcCUzRSUwQSUzQ2RpdiUyMGNsYXNzJTNEJTIyd2lkZ2V0LXRpdGxlJTIyJTIwc3R5bGUlM0QlMjJtYXJnaW4tdG9wJTNBMjBweCUzQiUyMiUzRU90aGVyJTIwTG9jYXRpb25zJTNDJTJGZGl2JTNFJTBBJTNDcCUzRVdlc3Rlcm5VJTIwSGVhbHRoJTIwUG9tb25hJTNDJTJGcCUzRSUwQSUzQ2ElMjBocmVmJTNEJTIyJTJGcG9tb25hJTJGJTIyJTNFJTNDdSUyMGNsYXNzJTNEJTIyd3VoLWNvbG9yLXByaW1hcnklMjIlM0VUaGUlMjBEZW50YWwlMjBDZW50ZXIlM0MlMkZ1JTNFJTNDJTJGYSUzRSUwQSUzQyUyRmRpdiUzRQ==[\/vc_raw_html][vc_column_text css=&#8221;.vc_custom_1685124233249{padding-top: 20px !important;padding-right: 20px !important;padding-bottom: 20px !important;padding-left: 20px !important;background-color: #f7f7f7 !important;}&#8221;]For more information please contact:<\/p>\n<p><strong>Dr. David Carlisle, DDS<\/strong><br \/>\nCommunity Site Managing Partner<br \/>\n760-565-6055[\/vc_column_text][vc_column_text css=&#8221;.vc_custom_1684862447668{padding-top: 20px !important;padding-right: 20px !important;padding-bottom: 20px !important;padding-left: 20px !important;background-color: #f7f7f7 !important;}&#8221;]Click on the link below to download your new patient packet. Simply print it, fill it out and bring it with you to your first appointment!<\/p>\n<p><a href=\"https:\/\/www.westernuhealth.com\/wecaredental\/wp-content\/uploads\/sites\/15\/registration-packet.pdf\" target=\"_blank\" rel=\"noopener\">Registration Packet<\/a><\/p>\n<p><a href=\"https:\/\/www.westernuhealth.com\/wecaredental\/wp-content\/uploads\/sites\/15\/registration-packet-sp.pdf\" target=\"_blank\" rel=\"noopener\">Paquete de registro<\/a><\/p>\n<p><a href=\"https:\/\/www.westernuhealth.com\/wecaredental\/wp-content\/uploads\/sites\/15\/registration-packet-viet.pdf\" target=\"_blank\" rel=\"noopener\">G\u00f3i \u0111\u0103ng k\u00fd<\/a>[\/vc_column_text][\/vc_column][\/vc_row][\/vc_section][vc_section][\/vc_section][vc_section full_width=&#8221;stretch_row&#8221; css=&#8221;.vc_custom_1569887776075{background-color: #f7f7f7 !important;}&#8221;][vc_row][vc_column][vc_empty_space height=&#8221;80px&#8221;][\/vc_column][\/vc_row][vc_row][vc_column width=&#8221;1\/2&#8243;][vc_column_text]<\/p>\n<h3>Your First Visit<\/h3>\n<p>Your first visit will consist of a comprehensive examination, appropriate X-rays and an oral cancer screening. We will also present any recommended treatment plan, along with fees and a timeline that suits your needs.[\/vc_column_text][\/vc_column][vc_column width=&#8221;1\/2&#8243;][vc_column_text]<\/p>\n<h3>Dental Emergencies<\/h3>\n<p>If you are an existing patient and need an urgent appointment for a dental emergency, we will make every effort to schedule you within 2 business days. We are currently not able to accommodate new patients for dental emergencies.[\/vc_column_text][\/vc_column][\/vc_row][vc_row][vc_column][vc_empty_space height=&#8221;100px&#8221;][\/vc_column][\/vc_row][\/vc_section]<\/p>\n<\/div>","protected":false},"excerpt":{"rendered":"<p>[vc_row][vc_column][\/vc_column][\/vc_row][vc_section][vc_row][vc_column width=&#8221;3\/4&#8243;][vc_empty_space height=&#8221;40px&#8221;][vc_column_text]Our Comprehensive Dentistry Services Include:[\/vc_column_text][vc_empty_space height=&#8221;30px&#8221;][vc_row_inner][vc_column_inner width=&#8221;1\/2&#8243;][\/vc_column_inner][vc_column_inner width=&#8221;1\/2&#8243;][\/vc_column_inner][\/vc_row_inner][vc_empty_space height=&#8221;100px&#8221;][vc_empty_space height=&#8221;40px&#8221;][vc_column_text]NYU LANGONE DENTAL MEDICINE AEGD RESIDENCY PROGRAM Program Overview The\u00a0Advanced Education In General Dentistry (AEGD)\u00a0program located in Rancho Mirage is a one-year postdoctoral certificate program in general dentistry. This residency program is specifically designed to provide advanced training in clinical dentistry and refine the&hellip;<\/p>\n","protected":false},"author":4,"featured_media":0,"parent":0,"menu_order":0,"comment_status":"closed","ping_status":"closed","template":"","meta":{"footnotes":""},"class_list":["post-64","page","type-page","status-publish","hentry","description-off"],"aioseo_notices":[],"_links":{"self":[{"href":"https:\/\/www.westernuhealth.com\/wecaredental\/wp-json\/wp\/v2\/pages\/64","targetHints":{"allow":["GET"]}}],"collection":[{"href":"https:\/\/www.westernuhealth.com\/wecaredental\/wp-json\/wp\/v2\/pages"}],"about":[{"href":"https:\/\/www.westernuhealth.com\/wecaredental\/wp-json\/wp\/v2\/types\/page"}],"author":[{"embeddable":true,"href":"https:\/\/www.westernuhealth.com\/wecaredental\/wp-json\/wp\/v2\/users\/4"}],"replies":[{"embeddable":true,"href":"https:\/\/www.westernuhealth.com\/wecaredental\/wp-json\/wp\/v2\/comments?post=64"}],"version-history":[{"count":33,"href":"https:\/\/www.westernuhealth.com\/wecaredental\/wp-json\/wp\/v2\/pages\/64\/revisions"}],"predecessor-version":[{"id":180,"href":"https:\/\/www.westernuhealth.com\/wecaredental\/wp-json\/wp\/v2\/pages\/64\/revisions\/180"}],"wp:attachment":[{"href":"https:\/\/www.westernuhealth.com\/wecaredental\/wp-json\/wp\/v2\/media?parent=64"}],"curies":[{"name":"wp","href":"https:\/\/api.w.org\/{rel}","templated":true}]}}